{"id":180,"date":"2021-01-04T20:40:34","date_gmt":"2021-01-05T01:40:34","guid":{"rendered":"https:\/\/cecas.clemson.edu\/informs\/?page_id=180"},"modified":"2021-01-05T15:02:56","modified_gmt":"2021-01-05T20:02:56","slug":"leadership-2","status":"publish","type":"page","link":"https:\/\/cecas.clemson.edu\/informs\/leadership-2\/","title":{"rendered":"Leadership 2019-2020"},"content":{"rendered":"\n<p class=\"has-text-align-center has-medium-font-size\"><strong>Berkay Gulcan<\/strong> (President)<\/p>\n\n\n\n<div class=\"wp-block-image\"><figure class=\"aligncenter size-large is-resized\"><img loading=\"lazy\" decoding=\"async\" src=\"https:\/\/static.wixstatic.com\/media\/f73b69_5a071160abec4ef8a729a8cb18bc4fac~mv2.png\/v1\/crop\/x_2,y_0,w_209,h_209\/fill\/w_293,h_293,al_c,lg_1,q_85\/berkay_gulcan.webp\" alt=\"\" width=\"293\" height=\"293\"\/><\/figure><\/div>\n\n\n\n<p class=\"has-text-align-center\"><em>Berkay is a Ph.D. student in the Department of Industrial Engineering. His&nbsp;research interests lie in the area of stochastic programming and&nbsp;integer programming with a focus on&nbsp;applications in the renewable energy sector. He is advised by&nbsp;<a rel=\"noreferrer noopener\" href=\"https:\/\/www.clemson.edu\/cecas\/departments\/ie\/people\/faculty\/yongjis.html\" target=\"_blank\">Dr. Yongjia Song<\/a>.<\/em><\/p>\n\n\n\n<hr class=\"wp-block-separator\"\/>\n\n\n\n<p class=\"has-text-align-center has-medium-font-size\"><strong>Di Nguyen <\/strong>(Vice-President)<\/p>\n\n\n\n<div class=\"wp-block-image\"><figure class=\"aligncenter size-medium\"><a href=\"https:\/\/cecas.clemson.edu\/informs\/wp-content\/uploads\/2021\/01\/IE-Student-Head-Shots_019-1-scaled.jpg\"><img loading=\"lazy\" decoding=\"async\" width=\"214\" height=\"300\" src=\"https:\/\/cecas.clemson.edu\/informs\/wp-content\/uploads\/2021\/01\/IE-Student-Head-Shots_019-1-214x300.jpg\" alt=\"\" class=\"wp-image-100\" srcset=\"https:\/\/cecas.clemson.edu\/informs\/wp-content\/uploads\/2021\/01\/IE-Student-Head-Shots_019-1-214x300.jpg 214w, https:\/\/cecas.clemson.edu\/informs\/wp-content\/uploads\/2021\/01\/IE-Student-Head-Shots_019-1-731x1024.jpg 731w, https:\/\/cecas.clemson.edu\/informs\/wp-content\/uploads\/2021\/01\/IE-Student-Head-Shots_019-1-768x1075.jpg 768w, https:\/\/cecas.clemson.edu\/informs\/wp-content\/uploads\/2021\/01\/IE-Student-Head-Shots_019-1-1097x1536.jpg 1097w, https:\/\/cecas.clemson.edu\/informs\/wp-content\/uploads\/2021\/01\/IE-Student-Head-Shots_019-1-1463x2048.jpg 1463w, https:\/\/cecas.clemson.edu\/informs\/wp-content\/uploads\/2021\/01\/IE-Student-Head-Shots_019-1-300x420.jpg 300w, https:\/\/cecas.clemson.edu\/informs\/wp-content\/uploads\/2021\/01\/IE-Student-Head-Shots_019-1-850x1190.jpg 850w, https:\/\/cecas.clemson.edu\/informs\/wp-content\/uploads\/2021\/01\/IE-Student-Head-Shots_019-1-scaled.jpg 1828w\" sizes=\"auto, (max-width: 214px) 100vw, 214px\" \/><\/a><\/figure><\/div>\n\n\n\n<p class=\"has-text-align-center\"><em>Di is a Ph.D. student in the Department of Industrial Engineering. Her research interests include network interdiction, large-scale optimization, and integer programming. She is advised by&nbsp;<a href=\"https:\/\/www.clemson.edu\/cecas\/departments\/ie\/people\/adjunct_faculty\/smith.html\" data-type=\"URL\" data-id=\"https:\/\/www.clemson.edu\/cecas\/departments\/ie\/people\/adjunct_faculty\/smith.html\" target=\"_blank\" rel=\"noreferrer noopener\">Dr. Cole Smith<\/a>.<\/em><\/p>\n\n\n\n<hr class=\"wp-block-separator\"\/>\n\n\n\n<p class=\"has-text-align-center has-medium-font-size\"><strong>Murwan Siddig<\/strong> (Secretary)<\/p>\n\n\n\n<div class=\"wp-block-image\"><figure class=\"aligncenter size-large is-resized\"><a href=\"https:\/\/cecas.clemson.edu\/informs\/wp-content\/uploads\/2021\/01\/img_8156.jpg\"><img loading=\"lazy\" decoding=\"async\" src=\"https:\/\/cecas.clemson.edu\/informs\/wp-content\/uploads\/2021\/01\/img_8156.jpg\" alt=\"\" class=\"wp-image-102\" width=\"214\" height=\"300\"\/><\/a><\/figure><\/div>\n\n\n\n<p class=\"has-text-align-center\"><em>Murwan is a Ph.D. student in the Department of Industrial Engineering. His research interests focus on optimization under uncertainty and applications of optimization. He is advised by&nbsp;<a rel=\"noreferrer noopener\" href=\"https:\/\/www.clemson.edu\/cecas\/departments\/ie\/people\/faculty\/yongjis.html\" target=\"_blank\">Dr. Yongjia Song<\/a>.<\/em><\/p>\n\n\n\n<hr class=\"wp-block-separator\"\/>\n\n\n\n<p class=\"has-text-align-center has-medium-font-size\"><strong>Amogh Bhosekar<\/strong> (Treasurer)<\/p>\n\n\n\n<div class=\"wp-block-image\"><figure class=\"aligncenter size-large is-resized\"><img loading=\"lazy\" decoding=\"async\" src=\"https:\/\/static.wixstatic.com\/media\/f73b69_879dd61e5c0f4d55912b468d6f9b0c7c~mv2.png\/v1\/crop\/x_0,y_8,w_212,h_212\/fill\/w_297,h_297,al_c,lg_1,q_85\/abhosek.webp\" alt=\"\" width=\"297\" height=\"297\"\/><\/figure><\/div>\n\n\n\n<p class=\"has-text-align-center\"><em>Amogh is a Ph.D. student in the Department of Industrial Engineering. His&nbsp;research interests lie in the areas of Operations Research and Analytics with applications in the field of Healthcare Systems. He is advised by&nbsp;<a rel=\"noreferrer noopener\" href=\"http:\/\/www.clemson.edu\/cecas\/departments\/ie\/people\/faculty\/isik.html\" target=\"_blank\">Dr. Tu\u011f\u00e7e I\u015fik<\/a>.<\/em><\/p>\n\n\n\n<hr class=\"wp-block-separator\"\/>\n\n\n\n<p class=\"has-text-align-center has-medium-font-size\"><strong>S. Amin Seyed Haeri<\/strong> (Board Member)<\/p>\n\n\n\n<div class=\"wp-block-image\"><figure class=\"aligncenter size-large is-resized\"><a href=\"https:\/\/cecas.clemson.edu\/informs\/wp-content\/uploads\/2021\/01\/College-of-Business-Headshots-2018-JPEG-0038-scaled.jpg\"><img loading=\"lazy\" decoding=\"async\" src=\"https:\/\/cecas.clemson.edu\/informs\/wp-content\/uploads\/2021\/01\/College-of-Business-Headshots-2018-JPEG-0038-683x1024.jpg\" alt=\"\" class=\"wp-image-109\" width=\"214\" height=\"300\"\/><\/a><\/figure><\/div>\n\n\n\n<p class=\"has-text-align-center\"><em>Amin is a Supply Chain &amp; Operations Management Ph.D. candidate in the&nbsp;Wilbur O. and Ann Powers College of&nbsp;Business. His main research interest is the study of the renewable energy market investment through Structural Econometrics Modeling. He teaches&nbsp;Intermediate Business Statistics to undergraduate students at the College of Business and he is advised by&nbsp;<a rel=\"noreferrer noopener\" href=\"https:\/\/www.clemson.edu\/business\/about\/profiles\/acolak\" data-type=\"URL\" data-id=\"https:\/\/www.clemson.edu\/business\/about\/profiles\/acolak\" target=\"_blank\">Dr. Ahmet Colak<\/a>.<\/em><\/p>\n\n\n\n<hr class=\"wp-block-separator\"\/>\n\n\n\n<p class=\"has-text-align-center has-medium-font-size\"><strong>Josh Margolis<\/strong> (Board Member)<\/p>\n\n\n\n<div class=\"wp-block-image\"><figure class=\"aligncenter size-large\"><img decoding=\"async\" src=\"https:\/\/static.wixstatic.com\/media\/f73b69_eb45720f208a42a09acf59081ea32f31~mv2.png\/v1\/crop\/x_0,y_0,w_200,h_200\/fill\/w_280,h_280,al_c,lg_1,q_85\/Josh-sized.webp\" alt=\"\"\/><\/figure><\/div>\n\n\n\n<p class=\"has-text-align-center\"><em>Josh is a Ph.D. candidate in the Department of Industrial Engineering. His\u00a0research interests lie in the area of integer programming, network optimization, resiliency, and stochastic programming; applications include homeland security, supply chain management, transportation, and healthcare. He is co-advised by\u00a0<a rel=\"noreferrer noopener\" href=\"http:\/\/www.clemson.edu\/cecas\/departments\/ie\/people\/faculty\/mason.html\" target=\"_blank\">Dr. Scott J. Mason<\/a>\u00a0and\u00a0<a rel=\"noreferrer noopener\" href=\"https:\/\/www.clemson.edu\/cecas\/departments\/ie\/people\/faculty\/yongjis.html\" target=\"_blank\">Dr. Yongjia Song<\/a>.<\/em><\/p>\n\n\n\n<hr class=\"wp-block-separator\"\/>\n\n\n\n<p class=\"has-text-align-center has-medium-font-size\"><strong>Yongjia Song<\/strong> (Faculty Advisor)<\/p>\n\n\n\n<div class=\"wp-block-image\"><figure class=\"aligncenter size-large is-resized\"><a href=\"https:\/\/cecas.clemson.edu\/informs\/wp-content\/uploads\/2021\/01\/Song.jpg\"><img loading=\"lazy\" decoding=\"async\" src=\"https:\/\/cecas.clemson.edu\/informs\/wp-content\/uploads\/2021\/01\/Song.jpg\" alt=\"\" class=\"wp-image-186\" width=\"214\" height=\"300\"\/><\/a><\/figure><\/div>\n\n\n\n<p class=\"has-text-align-center\"><em>Dr. Yongjia Song is an Assistant Professor in the Department of Industrial Engineering. His&nbsp;research interests include optimization under uncertainty (stochastic and robust optimization), integer programming (linear and nonlinear), and applications of optimization.<\/em><\/p>\n","protected":false},"excerpt":{"rendered":"<p>Berkay Gulcan (President) Berkay is a Ph.D. student in the Department of Industrial Engineering. His&nbsp;research interests lie in the area of stochastic programming and&nbsp;integer programming with a focus on&nbsp;applications in the renewable energy sector. He is advised by&nbsp;Dr. Yongjia Song. Di Nguyen (Vice-President) Di is a Ph.D. student in the Department of Industrial Engineering. Her&#8230;<\/p>\n","protected":false},"author":5,"featured_media":0,"parent":0,"menu_order":0,"comment_status":"closed","ping_status":"closed","template":"","meta":{"footnotes":""},"class_list":["post-180","page","type-page","status-publish","hentry"],"_links":{"self":[{"href":"https:\/\/cecas.clemson.edu\/informs\/wp-json\/wp\/v2\/pages\/180","targetHints":{"allow":["GET"]}}],"collection":[{"href":"https:\/\/cecas.clemson.edu\/informs\/wp-json\/wp\/v2\/pages"}],"about":[{"href":"https:\/\/cecas.clemson.edu\/informs\/wp-json\/wp\/v2\/types\/page"}],"author":[{"embeddable":true,"href":"https:\/\/cecas.clemson.edu\/informs\/wp-json\/wp\/v2\/users\/5"}],"replies":[{"embeddable":true,"href":"https:\/\/cecas.clemson.edu\/informs\/wp-json\/wp\/v2\/comments?post=180"}],"version-history":[{"count":4,"href":"https:\/\/cecas.clemson.edu\/informs\/wp-json\/wp\/v2\/pages\/180\/revisions"}],"predecessor-version":[{"id":287,"href":"https:\/\/cecas.clemson.edu\/informs\/wp-json\/wp\/v2\/pages\/180\/revisions\/287"}],"wp:attachment":[{"href":"https:\/\/cecas.clemson.edu\/informs\/wp-json\/wp\/v2\/media?parent=180"}],"curies":[{"name":"wp","href":"https:\/\/api.w.org\/{rel}","templated":true}]}}