{"id":167,"date":"2015-08-17T16:16:49","date_gmt":"2015-08-17T20:16:49","guid":{"rendered":"https:\/\/cecas.clemson.edu\/pre2016\/?page_id=167"},"modified":"2015-12-08T09:40:21","modified_gmt":"2015-12-08T14:40:21","slug":"committees","status":"publish","type":"page","link":"https:\/\/cecas.clemson.edu\/pre2016\/committees\/","title":{"rendered":"Committees"},"content":{"rendered":"<p><strong>Conference Chairs<\/strong><br \/>\n\u2022 Luiz G. Jacobsohn (Clemson University)<br \/>\n\u2022 John Ballato (Clemson University)<br \/>\nContact: pre16@clemson.edu<\/p>\n<p><strong>PRE Executive Committee<\/strong><br \/>\n\u2022 John Ballato (USA)<br \/>\n\u2022 Setsuhisa Tanabe (Japan)<br \/>\n\u2022 Rolindes Balda (Spain)<br \/>\n\u2022 Jong Heo (Korea)<br \/>\n\u2022 Maurizio Ferrari (Italy)<br \/>\n\u2022 Giancarlo Righini (Italy)<\/p>\n<p><strong>PRE\u201916 Technical Committee<\/strong><br \/>\n\u2022 Joseph Kolis (Clemson University, USA)<br \/>\n\u2022 Andrew Canning (Lawrence Berkeley National Laboratory, USA)<br \/>\n\u2022 Rui Almeida (Universidade de Lisboa, Portugal)<br \/>\n\u2022 Stafano Pelli (Istituto di Fisica Applicata &#8220;Nello Carrara,&#8221; Florence, Italy)<br \/>\n\u2022 Marian Marciniak (Politechnika \u015awi\u0119tokrzysk, Poland)<br \/>\n\u2022 Rog\u00e9ria Gon\u00e7alves (Universidade de S\u00e3o Paulo, Brazil)<br \/>\n\u2022 Andries Meijerink (Universiteit Utrecht, Netherlands)<br \/>\n\u2022 Joaqu\u00edn Fernandez (University of the Basque Country, Biolbao, Spain)<br \/>\n\u2022 Stefano Taccheo (Swansea University, UK)<br \/>\n\u2022 Wojciech Jadwisienczak (Ohio University, USA)<br \/>\n\u2022 Andr\u00e9a Simone Stucchi de Camargo A. Bernardez (Universidade de S\u00e3o Paulo, Brazil)<\/p>\n","protected":false},"excerpt":{"rendered":"<p>Conference Chairs \u2022 Luiz G. Jacobsohn (Clemson University) \u2022 John Ballato (Clemson University) Contact: pre16@clemson.edu PRE Executive Committee \u2022 John Ballato (USA) \u2022 Setsuhisa Tanabe (Japan) \u2022 Rolindes Balda (Spain) \u2022 Jong Heo (Korea) \u2022 Maurizio Ferrari (Italy) \u2022 Giancarlo Righini (Italy) PRE\u201916 Technical Committee \u2022 Joseph Kolis (Clemson University, USA) \u2022 Andrew Canning (Lawrence &hellip; <a href=\"https:\/\/cecas.clemson.edu\/pre2016\/committees\/\" class=\"more-link\">Continue reading <span class=\"screen-reader-text\">Committees<\/span><\/a><\/p>\n","protected":false},"author":6,"featured_media":244,"parent":0,"menu_order":0,"comment_status":"closed","ping_status":"closed","template":"","meta":{"footnotes":""},"class_list":["post-167","page","type-page","status-publish","has-post-thumbnail","hentry"],"_links":{"self":[{"href":"https:\/\/cecas.clemson.edu\/pre2016\/wp-json\/wp\/v2\/pages\/167","targetHints":{"allow":["GET"]}}],"collection":[{"href":"https:\/\/cecas.clemson.edu\/pre2016\/wp-json\/wp\/v2\/pages"}],"about":[{"href":"https:\/\/cecas.clemson.edu\/pre2016\/wp-json\/wp\/v2\/types\/page"}],"author":[{"embeddable":true,"href":"https:\/\/cecas.clemson.edu\/pre2016\/wp-json\/wp\/v2\/users\/6"}],"replies":[{"embeddable":true,"href":"https:\/\/cecas.clemson.edu\/pre2016\/wp-json\/wp\/v2\/comments?post=167"}],"version-history":[{"count":4,"href":"https:\/\/cecas.clemson.edu\/pre2016\/wp-json\/wp\/v2\/pages\/167\/revisions"}],"predecessor-version":[{"id":338,"href":"https:\/\/cecas.clemson.edu\/pre2016\/wp-json\/wp\/v2\/pages\/167\/revisions\/338"}],"wp:featuredmedia":[{"embeddable":true,"href":"https:\/\/cecas.clemson.edu\/pre2016\/wp-json\/wp\/v2\/media\/244"}],"wp:attachment":[{"href":"https:\/\/cecas.clemson.edu\/pre2016\/wp-json\/wp\/v2\/media?parent=167"}],"curies":[{"name":"wp","href":"https:\/\/api.w.org\/{rel}","templated":true}]}}